{"id":46,"date":"2024-03-14T19:00:31","date_gmt":"2024-03-14T18:00:31","guid":{"rendered":"https:\/\/blog.magenta-dataportfolio.eu\/?page_id=46"},"modified":"2024-03-14T19:00:31","modified_gmt":"2024-03-14T18:00:31","slug":"sobre-mi","status":"publish","type":"page","link":"https:\/\/blog.magenta-dataportfolio.eu\/index.php\/sobre-mi\/","title":{"rendered":"Sobre m\u00ed"},"content":{"rendered":"<div class=\"wp-block-image\">\n<figure class=\"alignleft size-large is-resized\"><img loading=\"lazy\" decoding=\"async\" width=\"811\" height=\"1024\" src=\"https:\/\/blog.magenta-dataportfolio.eu\/wp-content\/uploads\/2024\/03\/about-me-811x1024.png\" alt=\"\" class=\"wp-image-47\" style=\"width:385px;height:auto\" srcset=\"https:\/\/blog.magenta-dataportfolio.eu\/wp-content\/uploads\/2024\/03\/about-me-811x1024.png 811w, https:\/\/blog.magenta-dataportfolio.eu\/wp-content\/uploads\/2024\/03\/about-me-237x300.png 237w, https:\/\/blog.magenta-dataportfolio.eu\/wp-content\/uploads\/2024\/03\/about-me-768x970.png 768w, https:\/\/blog.magenta-dataportfolio.eu\/wp-content\/uploads\/2024\/03\/about-me-1216x1536.png 1216w, https:\/\/blog.magenta-dataportfolio.eu\/wp-content\/uploads\/2024\/03\/about-me-1621x2048.png 1621w, https:\/\/blog.magenta-dataportfolio.eu\/wp-content\/uploads\/2024\/03\/about-me-600x758.png 600w, https:\/\/blog.magenta-dataportfolio.eu\/wp-content\/uploads\/2024\/03\/about-me-945x1194.png 945w, https:\/\/blog.magenta-dataportfolio.eu\/wp-content\/uploads\/2024\/03\/about-me.png 2036w\" sizes=\"(max-width: 811px) 100vw, 811px\" \/><\/figure><\/div>\n\n\n<p>\u00a1Hola! Soy <strong>Joan Manuel Lopez Ruiz<\/strong>, cient\u00edfico y analista de datos. \u00bfSabes qu\u00e9 es lo que m\u00e1s me gusta de mi profesi\u00f3n? Convertir datos complejos en historias cautivadoras que faciliten la comprensi\u00f3n de los resultados obtenidos en mis an\u00e1lisis.<\/p>\n\n\n\n<p>En mi d\u00eda a d\u00eda, abordo los desaf\u00edos clave de cualquier actividad y l\u00ednea de negocio dando respuesta a las cuestiones planteadas. Identifico y capturo los datos esenciales, los preproceso para adaptarlos al an\u00e1lisis y aplico con precisi\u00f3n t\u00e9cnicas de miner\u00eda de datos y machine learning para obtener resultados significativos.<\/p>\n\n\n\n<p>Pero, \u00bfde qu\u00e9 servir\u00eda obtener los mejores resultados sin una estrategia de comunicaci\u00f3n efectiva? Aqu\u00ed entran en acci\u00f3n mis habilidades de storytelling, combinando visualizaciones impactantes con narrativas simples y adaptadas a cada situaci\u00f3n y p\u00fablico objetivo. Ofrezco una perspectiva \u00fanica y creativa en la presentaci\u00f3n de cada proyecto.<\/p>\n\n\n\n<p>\u00a1Estoy encantado por seguir construyendo historias de datos impactantes! Si est\u00e1s buscando un analista de datos apasionado y orientado a resultados, \u00a1hablemos! Estoy abierto a colaboraciones y oportunidades que desaf\u00eden mi creatividad y experiencia. Conectemos para explorar c\u00f3mo puedo contribuir a tu proyecto o equipo.<\/p>\n\n\n\n<h2 class=\"wp-block-heading\">Intereses<\/h2>\n\n\n\n<p class=\"has-white-background-color has-background\"><strong>Data-driven city.<\/strong> Siento una curiosidad especial en explorar c\u00f3mo facilitar la gesti\u00f3n de una ciudad gracias al an\u00e1lisis de los datos que all\u00ed se generan. Las ciudades son ecosistemas complejos formados por muchas dimensiones interrelacionadas entre ellas. El funcionamiento \u00f3ptimo de cualquier espacio urbano, independientemente de su tama\u00f1o, depende del conocimiento preciso de cada una de sus dimensiones y de sus efectos sobre las dem\u00e1s.<\/p>\n\n\n\n<p class=\"has-white-background-color has-background\"><strong>Storytelling.<\/strong> La combinaci\u00f3n de una narrativa basada en los resultados obtenidos de los datos con una visualizaci\u00f3n sencilla, clara y efectiva a la vez que completa, adaptadas a cualquier p\u00fablico objetivo y sintetizando en apenas unos minutos horas y horas de trabajo. Uso de herramientas para la creaci\u00f3n de documentos interactivos que permitan al usuario explorar estos resultados.<\/p>\n\n\n\n<h2 class=\"wp-block-heading\">Contacto<\/h2>\n\n\n\n<p><strong>E-mail:<\/strong> <a href=\"mailto:joanmanuel.lopez@gmail.com\">joanmanuel.lopez@gmail.com<\/a><\/p>\n\n\n\n<p><strong>Linkedin:<\/strong> <a href=\"https:\/\/www.linkedin.com\/in\/joanmanuellopez\" target=\"_blank\" rel=\"noreferrer noopener\">linkedin.com\/in\/joanmanuellopez<\/a><\/p>\n\n\n\n<p><strong>GitHub<\/strong>: <a href=\"https:\/\/github.com\/joanmanuellopez\" target=\"_blank\" rel=\"noreferrer noopener\">github.com\/joanmanuellopez<\/a><\/p>\n\n\n\n<p><strong>Youtube:<\/strong> Pr\u00f3ximamente!<\/p>\n","protected":false},"excerpt":{"rendered":"<p>\u00a1Hola! Soy Joan Manuel Lopez Ruiz, cient\u00edfico y analista de datos. \u00bfSabes qu\u00e9 es lo que m\u00e1s me gusta de mi profesi\u00f3n? Convertir datos complejos en historias cautivadoras que faciliten la comprensi\u00f3n de los resultados obtenidos en mis an\u00e1lisis. En&#8230; <a class=\"more-link\" href=\"https:\/\/blog.magenta-dataportfolio.eu\/index.php\/sobre-mi\/\">Continue Reading &rarr;<\/a><\/p>\n","protected":false},"author":1,"featured_media":0,"parent":0,"menu_order":0,"comment_status":"closed","ping_status":"closed","template":"","meta":{"footnotes":""},"_links":{"self":[{"href":"https:\/\/blog.magenta-dataportfolio.eu\/index.php\/wp-json\/wp\/v2\/pages\/46"}],"collection":[{"href":"https:\/\/blog.magenta-dataportfolio.eu\/index.php\/wp-json\/wp\/v2\/pages"}],"about":[{"href":"https:\/\/blog.magenta-dataportfolio.eu\/index.php\/wp-json\/wp\/v2\/types\/page"}],"author":[{"embeddable":true,"href":"https:\/\/blog.magenta-dataportfolio.eu\/index.php\/wp-json\/wp\/v2\/users\/1"}],"replies":[{"embeddable":true,"href":"https:\/\/blog.magenta-dataportfolio.eu\/index.php\/wp-json\/wp\/v2\/comments?post=46"}],"version-history":[{"count":1,"href":"https:\/\/blog.magenta-dataportfolio.eu\/index.php\/wp-json\/wp\/v2\/pages\/46\/revisions"}],"predecessor-version":[{"id":48,"href":"https:\/\/blog.magenta-dataportfolio.eu\/index.php\/wp-json\/wp\/v2\/pages\/46\/revisions\/48"}],"wp:attachment":[{"href":"https:\/\/blog.magenta-dataportfolio.eu\/index.php\/wp-json\/wp\/v2\/media?parent=46"}],"curies":[{"name":"wp","href":"https:\/\/api.w.org\/{rel}","templated":true}]}}